{"id":4801,"date":"2025-03-09T16:52:16","date_gmt":"2025-03-09T15:52:16","guid":{"rendered":"https:\/\/www.mittelfrankencup.de\/?page_id=4801"},"modified":"2026-03-22T09:46:54","modified_gmt":"2026-03-22T08:46:54","slug":"ortlieb-mittelfrankencup-2022-2-2-2-3","status":"publish","type":"page","link":"https:\/\/mittelfrankencup.de\/?page_id=4801","title":{"rendered":"ORTLIEB Mittelfrankencup 2026"},"content":{"rendered":"\n<h2 class=\"wp-block-heading\"><\/h2>\n\n\n\n<p><\/p>\n\n\n\n<p>Liebe Radsportfreunde, liebe Freunde des ORTLIEB Mittelfrankencups,<\/p>\n\n\n\n<p>nachdem 2025 der ORTLIEB Mittelfrankencup mit reger Teilnahme wieder stattfinden konnte, freuen wir uns auf 2026. Wir haben hierzu von unserer Seite aus alle Vorbereitungen getroffen und freuen uns auf die nachfolgenden Termine des ORTLIEB Mittelfrankencups 2026:<\/p>\n\n\n\n<p><a href=\"https:\/\/sem.minde-sports.com\/mittelfrankencup\/sem\/registration\/registration.php?event=1.+Event+26.04.2026+(RC+88+Neustadt+a.d.+Aisch)&amp;activity=RTF\" target=\"_blank\" rel=\"noreferrer noopener\">So, 26.04.2026 &#8211; RTF Neustadt\/Aisch (mit Gravelride)<\/a><br><a href=\"https:\/\/sem.minde-sports.com\/mittelfrankencup\/sem\/registration\/registration.php?event=2.+Event+10.05.2026+(RC+Herpersdorf+1919+e.V.)&amp;activity=RTF\">So, 10.05.2026 &#8211; RTF Herpersdorf (mit Gravelride)<\/a><br><a href=\"https:\/\/sem.minde-sports.com\/mittelfrankencup\/sem\/registration\/registration.php?event=3.+Event+17.05.2026+(TV+1848+Erlangen+e.V)&amp;activity=RTF\" target=\"_blank\" rel=\"noreferrer noopener\">So, 17.05.2026 &#8211; RTF Erlangen<\/a><br><a href=\"https:\/\/sem.minde-sports.com\/mittelfrankencup\/sem\/registration\/registration.php?event=4.+Event+12.07.2026+(RSG+Ansbach+e.V.)&amp;activity=RTF\" target=\"_blank\" rel=\"noreferrer noopener\">So, 12.07.2026 &#8211; RTF Ansbach (mit Gravelride)<\/a><br><a href=\"https:\/\/sem.minde-sports.com\/mittelfrankencup\/sem\/registration\/registration.php?event=5.+Event+26.07.2026+(TSV+Ammerndorf+1924+e.V.)&amp;activity=RTF\">So, 26.07.2026 &#8211; RTF Ammerndorf (mit Gravelride)<\/a><br><a href=\"https:\/\/sem.minde-sports.com\/mittelfrankencup\/sem\/registration\/registration.php?event=6.+Event+11.10.2026+(CTF+RC+88+Neustadt+a.d.+Aisch)&amp;activity=CTF\" target=\"_blank\" rel=\"noreferrer noopener\">So, 11.10.2026 &#8211; CTF Neustadt\/Aisch<\/a><\/p>\n\n\n\n<p><strong><mark style=\"background-color:rgba(0, 0, 0, 0)\" class=\"has-inline-color has-nv-c-2-color\">Die <a href=\"https:\/\/sem.minde-sports.com\/mittelfrankencup\/\">Online-Anmeldung<\/a> ist bis zum Mittwoch vor der jeweiligen Veranstaltung um 23:59 Uhr m\u00f6glich. Du sparst dir dadurch 2 Euro gegen\u00fcber der Anmeldung vor Ort. Die Anmeldung ist zwischen 07:00 und 11:00 Uhr auch spontan vor Ort m\u00f6glich! Die Teilnehmerzahl ist nicht begrenzt.<\/mark><\/strong><\/p>\n\n\n\n<p>Die <a href=\"https:\/\/www.mittelfrankencup.de\/?page_id=4827\" target=\"_blank\" rel=\"noreferrer noopener\">GPX Daten<\/a> f\u00fcr die jeweiligen Veranstaltungen ver\u00f6ffentlichen die Vereine einige Tage vor der jeweiligen Veranstaltung.<\/p>\n\n\n\n<p>Euer ORTLIEB Mittelfrankencup Team<\/p>\n\n\n\n<p><\/p>\n","protected":false},"excerpt":{"rendered":"<p>Liebe Radsportfreunde, liebe Freunde des ORTLIEB Mittelfrankencups, nachdem 2025 der ORTLIEB Mittelfrankencup mit reger Teilnahme wieder stattfinden konnte, freuen wir uns auf 2026. Wir haben hierzu von unserer Seite aus alle Vorbereitungen getroffen und freuen uns auf die nachfolgenden Termine des ORTLIEB Mittelfrankencups 2026: So, 26.04.2026 &#8211; RTF Neustadt\/Aisch (mit Gravelride)So, 10.05.2026 &#8211; RTF Herpersdorf&hellip;&nbsp;<a href=\"https:\/\/mittelfrankencup.de\/?page_id=4801\" class=\"\" rel=\"bookmark\">Weiterlesen &raquo;<span class=\"screen-reader-text\">ORTLIEB Mittelfrankencup 2026<\/span><\/a><\/p>\n","protected":false},"author":1,"featured_media":0,"parent":0,"menu_order":0,"comment_status":"closed","ping_status":"closed","template":"","meta":{"neve_meta_sidebar":"default","neve_meta_container":"default","neve_meta_enable_content_width":"off","neve_meta_content_width":80,"neve_meta_title_alignment":"","neve_meta_author_avatar":"","neve_post_elements_order":"","neve_meta_disable_header":"","neve_meta_disable_footer":"","neve_meta_disable_title":"","footnotes":""},"categories":[293],"tags":[296,301],"class_list":["post-4801","page","type-page","status-publish","hentry","category-2024-termine","tag-aktiv","tag-termine-ohne-anmeldung"],"_links":{"self":[{"href":"https:\/\/mittelfrankencup.de\/index.php?rest_route=\/wp\/v2\/pages\/4801","targetHints":{"allow":["GET"]}}],"collection":[{"href":"https:\/\/mittelfrankencup.de\/index.php?rest_route=\/wp\/v2\/pages"}],"about":[{"href":"https:\/\/mittelfrankencup.de\/index.php?rest_route=\/wp\/v2\/types\/page"}],"author":[{"embeddable":true,"href":"https:\/\/mittelfrankencup.de\/index.php?rest_route=\/wp\/v2\/users\/1"}],"replies":[{"embeddable":true,"href":"https:\/\/mittelfrankencup.de\/index.php?rest_route=%2Fwp%2Fv2%2Fcomments&post=4801"}],"version-history":[{"count":13,"href":"https:\/\/mittelfrankencup.de\/index.php?rest_route=\/wp\/v2\/pages\/4801\/revisions"}],"predecessor-version":[{"id":4875,"href":"https:\/\/mittelfrankencup.de\/index.php?rest_route=\/wp\/v2\/pages\/4801\/revisions\/4875"}],"wp:attachment":[{"href":"https:\/\/mittelfrankencup.de\/index.php?rest_route=%2Fwp%2Fv2%2Fmedia&parent=4801"}],"wp:term":[{"taxonomy":"category","embeddable":true,"href":"https:\/\/mittelfrankencup.de\/index.php?rest_route=%2Fwp%2Fv2%2Fcategories&post=4801"},{"taxonomy":"post_tag","embeddable":true,"href":"https:\/\/mittelfrankencup.de\/index.php?rest_route=%2Fwp%2Fv2%2Ftags&post=4801"}],"curies":[{"name":"wp","href":"https:\/\/api.w.org\/{rel}","templated":true}]}}