{"id":4752,"date":"2024-04-14T15:13:46","date_gmt":"2024-04-14T13:13:46","guid":{"rendered":"https:\/\/www.mittelfrankencup.de\/?page_id=4752"},"modified":"2025-03-29T14:41:00","modified_gmt":"2025-03-29T13:41:00","slug":"unser-schirmherr-2","status":"publish","type":"page","link":"https:\/\/mittelfrankencup.de\/?page_id=4752","title":{"rendered":"Unser Schirmherr Peter Daniel Forster"},"content":{"rendered":"<div id=\"pl-4752\"  class=\"panel-layout\" ><div id=\"pg-4752-0\"  class=\"panel-grid panel-no-style\" ><div id=\"pgc-4752-0-0\"  class=\"panel-grid-cell panel-grid-cell-empty\" ><\/div><\/div><div id=\"pg-4752-1\"  class=\"panel-grid panel-no-style\" ><div id=\"pgc-4752-1-0\"  class=\"panel-grid-cell\" ><div id=\"panel-4752-1-0-0\" class=\"so-panel widget widget_text panel-first-child panel-last-child\" data-index=\"0\" >\t\t\t<div class=\"textwidget\"><h2>Liebe Sportlerinnen und Sportler, liebe Radfreunde!<\/h2><\/div>\n\t\t<\/div><\/div><\/div><div id=\"pg-4752-2\"  class=\"panel-grid panel-no-style\" ><div id=\"pgc-4752-2-0\"  class=\"panel-grid-cell\" ><div id=\"panel-4752-2-0-0\" class=\"so-panel widget widget_text panel-first-child panel-last-child\" data-index=\"1\" >\t\t\t<div class=\"textwidget\">Als Bezirkstagspr\u00e4sident von Mittelfranken und Schirmherr dieses einzigartigen Events freue ich mich, Sie herzlich zu dieser besonderen Radtour durch unsere malerische Region begr\u00fc\u00dfen zu d\u00fcrfen.<br><br>\nRadfahren ist ein abwechslungsreicher und vielseitiger Sport, der, egal ob beim Bezwingen von Bergen auf dem Mountainbike, bei der Jagd auf Rekorde auf einem federleichten Rennrad oder beim Fahrtwind genie\u00dfen auf dem Tourenrad oder dem Pedelec; viele Tausende begeistert.<br><br>\nDer Ortlieb Mittelfranken Cup bietet Ihnen die Gelegenheit, fernab von Wettkampfdruck und Zeitmessung die Freude am Radfahren zu zelebrieren und gemeinsam mit Gleichgesinnten unseren Bezirk Mittelfranken mit dem Rad zu entdecken. Er stellt mit vielen tausend Teilnehmerinnen und Teilnehmern eine der deutschlandweit gr\u00f6\u00dften Radveranstaltungs-Serien dar. Nutzen Sie dieses Angebot, um neue Eindr\u00fccke zu sammeln, Kontakte zu kn\u00fcpfen und Ihre Leidenschaft f\u00fcr den Radsport zu teilen. Alle sind herzlich willkommen!<br><br>\nMein ausdr\u00fccklicher Dank geht an alle Helferinnen und Helfer sowie an das Organisationsteam f\u00fcr die vielen Arbeitsstunden und den Einsatz, mit denen Sie diese einmalige Sportveranstaltung zu einem Aush\u00e4ngeschild Mittelfrankens gemacht haben. Allen Teilnehmenden w\u00fcnsche ich eine sichere und erlebnisreiche Tour durch Mittelfranken bei bestem Fahrradwetter und hoffe, dass Sie nach dieser Veranstaltung mit vielen positiven Erinnerungen im Herzen nach Hause zur\u00fcckkehren.<br><br>\nHerzlichst Ihr<br><br>\n\n<h4>Peter Daniel Forster<\/h4>\nBezirkstags-Pr\u00e4sident Mittelfranken\n<\/br><\/br><\/br><\/br>\n<h4> Weitere Informationen zum Bezirkstag unter:<\/h4>\n<a href=\"http:\/\/www.bezirk-mittelfranken.de\/index.php?id=54\" target=\"new\">www.bezirk-mittelfranken.de<\/a><\/div>\n\t\t<\/div><\/div><div id=\"pgc-4752-2-1\"  class=\"panel-grid-cell\" ><div id=\"panel-4752-2-1-0\" class=\"so-panel widget widget_sow-image panel-first-child panel-last-child\" data-index=\"2\" ><div\n\t\t\t\n\t\t\tclass=\"so-widget-sow-image so-widget-sow-image-default-8b5b6f678277-4752\"\n\t\t\t\n\t\t>\n<div class=\"sow-image-container\">\n\t\t<img \n\tsrc=\"https:\/\/mittelfrankencup.de\/wp-content\/uploads\/2024\/04\/Schirmherr-Peter-Daniel-Forster.png\" width=\"243\" height=\"324\" srcset=\"https:\/\/mittelfrankencup.de\/wp-content\/uploads\/2024\/04\/Schirmherr-Peter-Daniel-Forster.png 243w, https:\/\/mittelfrankencup.de\/wp-content\/uploads\/2024\/04\/Schirmherr-Peter-Daniel-Forster-225x300.png 225w\" sizes=\"(max-width: 243px) 100vw, 243px\" title=\"Schirmherr Peter Daniel Forster\" alt=\"\" \t\tclass=\"so-widget-image\"\/>\n\t<\/div>\n\n<\/div><\/div><\/div><\/div><\/div>","protected":false},"excerpt":{"rendered":"<p>Liebe Sportlerinnen und Sportler, liebe Radfreunde!<\/p>\n","protected":false},"author":1,"featured_media":0,"parent":0,"menu_order":0,"comment_status":"closed","ping_status":"closed","template":"","meta":{"neve_meta_sidebar":"","neve_meta_container":"","neve_meta_enable_content_width":"off","neve_meta_content_width":100,"neve_meta_title_alignment":"","neve_meta_author_avatar":"","neve_post_elements_order":"","neve_meta_disable_header":"","neve_meta_disable_footer":"","neve_meta_disable_title":"","footnotes":""},"categories":[],"tags":[],"class_list":["post-4752","page","type-page","status-publish","hentry"],"_links":{"self":[{"href":"https:\/\/mittelfrankencup.de\/index.php?rest_route=\/wp\/v2\/pages\/4752","targetHints":{"allow":["GET"]}}],"collection":[{"href":"https:\/\/mittelfrankencup.de\/index.php?rest_route=\/wp\/v2\/pages"}],"about":[{"href":"https:\/\/mittelfrankencup.de\/index.php?rest_route=\/wp\/v2\/types\/page"}],"author":[{"embeddable":true,"href":"https:\/\/mittelfrankencup.de\/index.php?rest_route=\/wp\/v2\/users\/1"}],"replies":[{"embeddable":true,"href":"https:\/\/mittelfrankencup.de\/index.php?rest_route=%2Fwp%2Fv2%2Fcomments&post=4752"}],"version-history":[{"count":5,"href":"https:\/\/mittelfrankencup.de\/index.php?rest_route=\/wp\/v2\/pages\/4752\/revisions"}],"predecessor-version":[{"id":4816,"href":"https:\/\/mittelfrankencup.de\/index.php?rest_route=\/wp\/v2\/pages\/4752\/revisions\/4816"}],"wp:attachment":[{"href":"https:\/\/mittelfrankencup.de\/index.php?rest_route=%2Fwp%2Fv2%2Fmedia&parent=4752"}],"wp:term":[{"taxonomy":"category","embeddable":true,"href":"https:\/\/mittelfrankencup.de\/index.php?rest_route=%2Fwp%2Fv2%2Fcategories&post=4752"},{"taxonomy":"post_tag","embeddable":true,"href":"https:\/\/mittelfrankencup.de\/index.php?rest_route=%2Fwp%2Fv2%2Ftags&post=4752"}],"curies":[{"name":"wp","href":"https:\/\/api.w.org\/{rel}","templated":true}]}}